{"id":1470,"date":"2023-02-08T17:04:59","date_gmt":"2023-02-08T17:04:59","guid":{"rendered":"https:\/\/www.gillfor.com\/lapho-norme-daccessibilite-pour-les-services-a-la-clientele\/"},"modified":"2023-02-24T21:44:46","modified_gmt":"2023-02-24T21:44:46","slug":"lapho-norme-daccessibilite-pour-les-services-a-la-clientele","status":"publish","type":"page","link":"https:\/\/www.gillfor.com\/fr\/lapho-norme-daccessibilite-pour-les-services-a-la-clientele\/","title":{"rendered":"LAPHO \u2014 NORME D\u2019ACCESSIBILIT\u00c9 POUR LES SERVICES \u00c0 LA CLIENT\u00c8LE"},"content":{"rendered":"\n<h2 class=\"wp-block-heading\">NORME D\u2019ACCESSIBILIT\u00c9 POUR LES SERVICES \u00c0 LA CLIENT\u00c8LE<\/h2>\n\n\n\n<div style=\"height:20px\" aria-hidden=\"true\" class=\"wp-block-spacer\"><\/div>\n\n\n\n<p>Conform\u00e9ment aux Normes d\u2019accessibilit\u00e9 pour les services \u00e0 la client\u00e8le, R\u00e8glement de l\u2019Ontario, la politique de GILLFOR Distribution traite des questions suivantes:<\/p>\n\n\n\n<ol class=\"wp-block-list\">\n<li>La fourniture de biens et de services aux personnes handicap\u00e9es ;<\/li>\n\n\n\n<li>L\u2019utilisation d\u2019appareils et accessoires fonctionnels ;<\/li>\n\n\n\n<li>L\u2019utilisation de chiens-guides, d\u2019animaux d\u2019assistance et de chiens d\u2019assistance<\/li>\n\n\n\n<li>Le recours \u00e0 des personnes de confiance<\/li>\n\n\n\n<li>Avis d\u2019interruption de service<\/li>\n\n\n\n<li>Commentaires des clients<\/li>\n\n\n\n<li>Training<\/li>\n\n\n\n<li>Formation Avis de disponibilit\u00e9 et format des documents requis<\/li>\n<\/ol>\n\n\n\n<p>GILLFOR Distribution fera tout son possible pour s\u2019assurer que ses politiques, pratiques et proc\u00e9dures sont conformes aux principes de dignit\u00e9, d\u2019ind\u00e9pendance, d\u2019int\u00e9gration et d\u2019\u00e9galit\u00e9 des chances.<\/p>\n\n\n\n<p>La politique et les proc\u00e9dures relatives \u00e0 la norme d\u2019accessibilit\u00e9 pour les services \u00e0 la client\u00e8le sont disponibles sur demande et dans un format tenant compte du handicap du client.<\/p>\n\n\n\n<p>Veuillez contacter:<\/p>\n\n\n\n<p>Jody O\u2019Neail, CHRL, PCP<\/p>\n\n\n\n<p>Responsable des ressources humaines<\/p>\n\n\n\n<p>519 539-8115, poste 231 #231<\/p>\n\n\n\n<p>C.P. 1668, 220 Universal Rd., Woodstock, Ontario N4S 0A9<\/p>\n\n\n\n<p>Courriel : joneail@gillfor.com <a href=\"mailto:joneail@gillfor.com\"><\/a><\/p>\n\n\n\n<p><a href=\"https:\/\/www.gillfor.com\/wp-content\/uploads\/2023\/02\/1675978087_Emergency-Response-Plan-or-Policy-Addition-2021.pdf\">Ajout de plan ou de politique d\u2019intervention d\u2019urgence 2021<\/a><\/p>\n\n\n\n<p><a href=\"https:\/\/www.gillfor.com\/wp-content\/uploads\/2023\/02\/FR-AODA-Multi-Year-Accessibility-Plan-for-the-Integrated-Accessibility-Standards-Regulation-2021-1.pdf\">LAPHO \u2014 Plan d\u2019accessibilit\u00e9 pluriannuel pour le r\u00e8glement sur les normes d\u2019accessibilit\u00e9 int\u00e9gr\u00e9es 2021<\/a><\/p>\n","protected":false},"excerpt":{"rendered":"<p>NORME D\u2019ACCESSIBILIT\u00c9 POUR LES SERVICES \u00c0 LA CLIENT\u00c8LE Conform\u00e9ment aux Normes d\u2019accessibilit\u00e9 pour les services \u00e0 la client\u00e8le, R\u00e8glement de l\u2019Ontario, la politique de GILLFOR Distribution traite des questions suivantes:&#8230;<\/p>\n","protected":false},"author":1,"featured_media":0,"parent":0,"menu_order":0,"comment_status":"closed","ping_status":"closed","template":"","meta":{"inline_featured_image":false,"footnotes":""},"class_list":["post-1470","page","type-page","status-publish"],"_links":{"self":[{"href":"https:\/\/www.gillfor.com\/fr\/wp-json\/wp\/v2\/pages\/1470","targetHints":{"allow":["GET"]}}],"collection":[{"href":"https:\/\/www.gillfor.com\/fr\/wp-json\/wp\/v2\/pages"}],"about":[{"href":"https:\/\/www.gillfor.com\/fr\/wp-json\/wp\/v2\/types\/page"}],"author":[{"embeddable":true,"href":"https:\/\/www.gillfor.com\/fr\/wp-json\/wp\/v2\/users\/1"}],"replies":[{"embeddable":true,"href":"https:\/\/www.gillfor.com\/fr\/wp-json\/wp\/v2\/comments?post=1470"}],"version-history":[{"count":0,"href":"https:\/\/www.gillfor.com\/fr\/wp-json\/wp\/v2\/pages\/1470\/revisions"}],"wp:attachment":[{"href":"https:\/\/www.gillfor.com\/fr\/wp-json\/wp\/v2\/media?parent=1470"}],"curies":[{"name":"wp","href":"https:\/\/api.w.org\/{rel}","templated":true}]}}